{"id":65470,"date":"2025-08-28T02:32:00","date_gmt":"2025-08-28T00:32:00","guid":{"rendered":"https:\/\/www.auercafeteria.ch\/"},"modified":"2025-09-29T18:41:41","modified_gmt":"2025-09-29T16:41:41","slug":"contact2","status":"publish","type":"page","link":"https:\/\/www.auercafeteria.ch\/en\/contact2\/","title":{"rendered":"contact"},"content":{"rendered":"<p>[et_pb_section fb_built=\u00a0\u00bb1&Prime; fullwidth=\u00a0\u00bbon\u00a0\u00bb _builder_version=\u00a0\u00bb4.27.4&Prime; _module_preset=\u00a0\u00bbdefault\u00a0\u00bb global_colors_info=\u00a0\u00bb{}\u00a0\u00bb][et_pb_fullwidth_code _builder_version=\u00a0\u00bb4.27.4&Prime; _module_preset=\u00a0\u00bbdefault\u00a0\u00bb hover_enabled=\u00a0\u00bb0&Prime; global_colors_info=\u00a0\u00bb{}\u00a0\u00bb sticky_enabled=\u00a0\u00bb0&Prime;]<\/p>\n<div class=\"auer-contact-page\" style=\"background:#3c2012; color:#f6f1e9; padding:0;\"><!-- [et_pb_line_break_holder] -->  <\/p>\n<style><!-- [et_pb_line_break_holder] -->    .auer-contact-page *{box-sizing:border-box}<!-- [et_pb_line_break_holder] --><!-- [et_pb_line_break_holder] -->    \/* TITRES *\/<!-- [et_pb_line_break_holder] -->    .auer-contact-page h1,.auer-contact-page h2,.auer-contact-page h3{<!-- [et_pb_line_break_holder] -->      color:#ffffff !important;<!-- [et_pb_line_break_holder] -->      font-family:'Georgia','Times New Roman',serif;<!-- [et_pb_line_break_holder] -->      font-weight:700; letter-spacing:.02em; margin:0; line-height:1.2;<!-- [et_pb_line_break_holder] -->    }<!-- [et_pb_line_break_holder] -->    .auer-contact-page .rule:after{<!-- [et_pb_line_break_holder] -->      content:\"\"; display:block; width:80px; height:2px; background:#d4af37; margin:12px auto 0;<!-- [et_pb_line_break_holder] -->    }<!-- [et_pb_line_break_holder] --><!-- [et_pb_line_break_holder] -->    \/* Texte & boutons *\/<!-- [et_pb_line_break_holder] -->    .auer-contact-page p{font-family:'Segoe UI','Helvetica Neue',Arial,sans-serif; margin:0; opacity:.98}<!-- [et_pb_line_break_holder] -->    .auer-contact-page .btn{<!-- [et_pb_line_break_holder] -->      display:inline-block; padding:10px 18px; border:2px solid #d4af37; color:#f6f1e9; text-decoration:none;<!-- [et_pb_line_break_holder] -->      border-radius:999px; font-size:16px; letter-spacing:.04em; text-transform:uppercase;<!-- [et_pb_line_break_holder] -->      background:rgba(212,175,55,.12);<!-- [et_pb_line_break_holder] -->      box-shadow:inset 0 0 0 1px rgba(212,175,55,.15);<!-- [et_pb_line_break_holder] -->      transition:transform .15s ease, background .15s ease, color .15s ease, box-shadow .15s ease;<!-- [et_pb_line_break_holder] -->      margin:6px 8px;<!-- [et_pb_line_break_holder] -->    }<!-- [et_pb_line_break_holder] -->    .auer-contact-page .btn:hover{ background:#d4af37; color:#3c2012; transform:translateY(-1px); box-shadow:0 2px 10px rgba(212,175,55,.25); }<!-- [et_pb_line_break_holder] -->    .auer-contact-page .btn:focus{ outline:none; box-shadow:0 0 0 3px rgba(212,175,55,.45); }<!-- [et_pb_line_break_holder] --><!-- [et_pb_line_break_holder] -->    \/* ENT\u00caTE *\/<!-- [et_pb_line_break_holder] -->    .auer-contact-page .hero{ padding:56px 18px 20px; text-align:center; }<!-- [et_pb_line_break_holder] -->    .auer-contact-page .hero h1{ font-size:40px; margin:6px 0 10px; }<!-- [et_pb_line_break_holder] -->    .auer-contact-page .hero p.lead{ font-size:18px; opacity:.95; }<!-- [et_pb_line_break_holder] -->    .auer-contact-page .hero .cta{ margin-top:14px; }<!-- [et_pb_line_break_holder] --><!-- [et_pb_line_break_holder] -->    \/* CARTES COORDONN\u00c9ES *\/<!-- [et_pb_line_break_holder] -->    .auer-contact-page .cards{ padding:24px 18px 8px; }<!-- [et_pb_line_break_holder] -->    .auer-contact-page .cards .wrap{<!-- [et_pb_line_break_holder] -->      max-width:1100px; margin:0 auto; display:grid; grid-template-columns:repeat(3,1fr); gap:18px;<!-- [et_pb_line_break_holder] -->    }<!-- [et_pb_line_break_holder] -->    .auer-contact-page .card{<!-- [et_pb_line_break_holder] -->      background:#4a2a18; border:1px solid #6a3f28; border-radius:14px; padding:16px 18px;<!-- [et_pb_line_break_holder] -->      box-shadow:0 1px 0 rgba(0,0,0,.06) inset;<!-- [et_pb_line_break_holder] -->    }<!-- [et_pb_line_break_holder] -->    .auer-contact-page .card h3{ font-size:22px; margin:0 0 10px; }<!-- [et_pb_line_break_holder] -->    .auer-contact-page .card a{ color:#f6f1e9; text-decoration:underline; font-size:17px; }<!-- [et_pb_line_break_holder] -->    .auer-contact-page .card p{ font-size:16px; line-height:1.5; }<!-- [et_pb_line_break_holder] --><!-- [et_pb_line_break_holder] -->    \/* GOOGLE MAP (Locator Plus) *\/<!-- [et_pb_line_break_holder] -->    .auer-contact-page .map{ padding:26px 18px 20px; text-align:center; }<!-- [et_pb_line_break_holder] -->    .auer-contact-page .map .wrap{ max-width:1100px; margin:0 auto; }<!-- [et_pb_line_break_holder] -->    .auer-contact-page .map .frame{<!-- [et_pb_line_break_holder] -->      background:#4a2a18; border:1px solid #6a3f28; border-radius:14px; padding:8px; overflow:hidden;<!-- [et_pb_line_break_holder] -->      box-shadow:0 1px 0 rgba(0,0,0,.06) inset;<!-- [et_pb_line_break_holder] -->      height:420px;<!-- [et_pb_line_break_holder] -->    }<!-- [et_pb_line_break_holder] -->    .auer-contact-page .map .map-embed{<!-- [et_pb_line_break_holder] -->      width:100%; height:100%; border:0; border-radius:10px; display:block;<!-- [et_pb_line_break_holder] -->      filter:sepia(.35) contrast(1.05) brightness(.95) saturate(1.05);<!-- [et_pb_line_break_holder] -->    }<!-- [et_pb_line_break_holder] -->    .auer-contact-page .map .cta{ margin-top:14px; }<!-- [et_pb_line_break_holder] --><!-- [et_pb_line_break_holder] -->    \/* HORAIRES \u2014 ACTUELS UNIQUEMENT *\/<!-- [et_pb_line_break_holder] -->    .auer-contact-page .hours{ padding:40px 18px 30px; }<!-- [et_pb_line_break_holder] -->    .auer-contact-page .hours h2{ font-size:30px; text-align:center; margin:0 0 18px; }<!-- [et_pb_line_break_holder] -->    .auer-contact-page .hours .wrap{ max-width:820px; margin:0 auto; }<!-- [et_pb_line_break_holder] -->    .auer-contact-page .hours .slot{<!-- [et_pb_line_break_holder] -->      background:linear-gradient(180deg,#4a2a18,#432516);<!-- [et_pb_line_break_holder] -->      border:1px solid #d4af37; border-radius:16px; padding:22px;<!-- [et_pb_line_break_holder] -->      box-shadow:0 0 0 1px rgba(212,175,55,.25) inset, 0 8px 24px rgba(0,0,0,.15);<!-- [et_pb_line_break_holder] -->    }<!-- [et_pb_line_break_holder] -->    .auer-contact-page .hours .slot h3{<!-- [et_pb_line_break_holder] -->      font-size:18px; margin:0 0 10px; text-transform:uppercase; letter-spacing:.06em; opacity:.92;<!-- [et_pb_line_break_holder] -->    }<!-- [et_pb_line_break_holder] -->    .auer-contact-page .hours .slot p{ font-size:20px; line-height:1.5; opacity:.98; margin:0; }<!-- [et_pb_line_break_holder] -->    .auer-contact-page .hours .mini-note{ max-width:820px; margin:12px auto 0; text-align:center; font-size:14px; opacity:.8; }<!-- [et_pb_line_break_holder] --><!-- [et_pb_line_break_holder] -->    \/* FOOTER *\/<!-- [et_pb_line_break_holder] -->    .auer-contact-page .footer{<!-- [et_pb_line_break_holder] -->      padding:36px 18px 42px;<!-- [et_pb_line_break_holder] -->      background:linear-gradient(180deg, rgba(60,32,18,1) 0%, #351c10 100%);<!-- [et_pb_line_break_holder] -->      border-top:1px solid #6a3f28;<!-- [et_pb_line_break_holder] -->    }<!-- [et_pb_line_break_holder] -->    .auer-contact-page .footer .wrap{<!-- [et_pb_line_break_holder] -->      max-width:1100px; margin:0 auto;<!-- [et_pb_line_break_holder] -->      display:grid; grid-template-columns:1.2fr 1fr 1fr; gap:22px; align-items:start;<!-- [et_pb_line_break_holder] -->    }<!-- [et_pb_line_break_holder] -->    .auer-contact-page .footer .brand{ display:flex; gap:12px; align-items:center; margin-bottom:10px; }<!-- [et_pb_line_break_holder] -->    .auer-contact-page .footer .brand img{ width:72px; height:auto; border-radius:8px; box-shadow:0 0 0 1px #6a3f28; }<!-- [et_pb_line_break_holder] -->    .auer-contact-page .footer .brand .title{ font-size:22px; font-family:'Georgia','Times New Roman',serif; font-weight:700; margin:0; }<!-- [et_pb_line_break_holder] -->    .auer-contact-page .footer h3{ color:#ffffff !important; font-size:18px; text-transform:uppercase; letter-spacing:.06em; margin:0 0 10px; }<!-- [et_pb_line_break_holder] -->    .auer-contact-page .footer a{ color:#f6f1e9; text-decoration:underline; }<!-- [et_pb_line_break_holder] -->    .auer-contact-page .footer .links{ display:flex; flex-wrap:wrap; gap:10px 10px; }<!-- [et_pb_line_break_holder] -->    .auer-contact-page .footer .pill{<!-- [et_pb_line_break_holder] -->      display:inline-block; padding:8px 14px; border:1px solid #6a3f28; border-radius:999px; text-decoration:none;<!-- [et_pb_line_break_holder] -->      font-size:14px; letter-spacing:.04em; text-transform:uppercase; opacity:.98;<!-- [et_pb_line_break_holder] -->    }<!-- [et_pb_line_break_holder] -->    .auer-contact-page .footer .pill:hover{ background:#d4af37; color:#3c2012; border-color:#d4af37; }<!-- [et_pb_line_break_holder] -->    .auer-contact-page .footer .pay{ background:rgba(212,175,55,.08); border:1px solid #6a3f28; border-radius:12px; padding:12px 16px; text-align:center; margin-top:6px; font-size:16px; opacity:.95; }<!-- [et_pb_line_break_holder] -->    .auer-contact-page .footer .mini{ font-size:14px; opacity:.8; margin-top:10px; text-align:center; }<!-- [et_pb_line_break_holder] --><!-- [et_pb_line_break_holder] -->    \/* RESPONSIVE *\/<!-- [et_pb_line_break_holder] -->    @media (max-width:1000px){<!-- [et_pb_line_break_holder] -->      .auer-contact-page .cards .wrap{grid-template-columns:1fr 1fr}<!-- [et_pb_line_break_holder] -->    }<!-- [et_pb_line_break_holder] -->    @media (max-width:560px){<!-- [et_pb_line_break_holder] -->      .auer-contact-page .cards .wrap{grid-template-columns:1fr}<!-- [et_pb_line_break_holder] -->      .auer-contact-page .map .frame{height:300px}<!-- [et_pb_line_break_holder] -->      .auer-contact-page .hero h1{font-size:32px}<!-- [et_pb_line_break_holder] -->    }<!-- [et_pb_line_break_holder] -->  <\/style>\n<p><!-- [et_pb_line_break_holder] --><!-- [et_pb_line_break_holder] -->  <!-- ENT\u00caTE --><!-- [et_pb_line_break_holder] -->  <\/p>\n<section class=\"hero\" aria-labelledby=\"contact-title\"><!-- [et_pb_line_break_holder] -->    <\/p>\n<h1 id=\"contact-title\" class=\"rule\">Contact<\/h1>\n<p><!-- [et_pb_line_break_holder] -->    <pee class=\"lead\">Une question ou un message ? Nous vous r\u00e9pondons avec plaisir.<\/pee><!-- [et_pb_line_break_holder] -->    <\/p>\n<div class=\"cta\"><!-- [et_pb_line_break_holder] -->      <a class=\"btn\" href=\"tel:+41223104155\">Appeler<\/a><!-- [et_pb_line_break_holder] -->      <a class=\"btn\" href=\"mailto:info@auercafeteria.ch\">\u00c9crire un e-mail<\/a><!-- [et_pb_line_break_holder] -->      <a class=\"btn\" href=\"\/menu\">Voir le menu<\/a><!-- [et_pb_line_break_holder] -->    <\/div>\n<p><!-- [et_pb_line_break_holder] -->  <\/section>\n<p><!-- [et_pb_line_break_holder] --><!-- [et_pb_line_break_holder] -->  <!-- COORDONN\u00c9ES --><!-- [et_pb_line_break_holder] -->  <\/p>\n<section class=\"cards\" aria-labelledby=\"coord-title\"><!-- [et_pb_line_break_holder] -->    <\/p>\n<h2 id=\"coord-title\" class=\"rule\" style=\"text-align:center; margin-bottom:16px;\">Coordonn\u00e9es &#038; acc\u00e8s<\/h2>\n<p><!-- [et_pb_line_break_holder] -->    <\/p>\n<div class=\"wrap\"><!-- [et_pb_line_break_holder] -->      <\/p>\n<article class=\"card\"><!-- [et_pb_line_break_holder] -->        <\/p>\n<h3>T\u00e9l\u00e9phone<\/h3>\n<p><!-- [et_pb_line_break_holder] -->        <pee><a href=\"tel:+41223104155\">+41 (22) 310 41 55<\/a><\/pee><!-- [et_pb_line_break_holder] -->        <pee style=\"margin-top:10px;\">Du lundi au samedi, pendant nos horaires d\u2019ouverture.<\/pee><!-- [et_pb_line_break_holder] -->      <\/article>\n<p><!-- [et_pb_line_break_holder] -->      <\/p>\n<article class=\"card\"><!-- [et_pb_line_break_holder] -->        <\/p>\n<h3>Email<\/h3>\n<p><!-- [et_pb_line_break_holder] -->        <pee><a href=\"mailto:info@auercafeteria.ch\">info@auercafeteria.ch<\/a><\/pee><!-- [et_pb_line_break_holder] -->        <pee style=\"margin-top:10px;\">Nous revenons vers vous rapidement.<\/pee><!-- [et_pb_line_break_holder] -->      <\/article>\n<p><!-- [et_pb_line_break_holder] -->      <\/p>\n<article class=\"card\"><!-- [et_pb_line_break_holder] -->        <\/p>\n<h3>Adresse<\/h3>\n<p><!-- [et_pb_line_break_holder] -->        <pee><a href=\"https:\/\/maps.google.com\/?q=4,+rue+de+Rive,+1204+Gen%C3%A8ve\" target=\"_blank\" rel=\"noopener\">4, rue de Rive \u2014 1204 Gen\u00e8ve<\/a><\/pee><!-- [et_pb_line_break_holder] -->        <pee style=\"margin-top:10px;\">Au c\u0153ur des Rues Basses, \u00e0 deux pas de Longemalle.<\/pee><!-- [et_pb_line_break_holder] -->      <\/article>\n<p><!-- [et_pb_line_break_holder] -->    <\/div>\n<p><!-- [et_pb_line_break_holder] -->  <\/section>\n<p><!-- [et_pb_line_break_holder] --><!-- [et_pb_line_break_holder] -->  <!-- GOOGLE MAP --><!-- [et_pb_line_break_holder] -->  <\/p>\n<section class=\"map\" aria-labelledby=\"map-title\"><!-- [et_pb_line_break_holder] -->    <\/p>\n<h2 id=\"map-title\" class=\"rule\">Nous trouver<\/h2>\n<p><!-- [et_pb_line_break_holder] -->    <\/p>\n<div class=\"wrap\"><!-- [et_pb_line_break_holder] -->      <\/p>\n<div class=\"frame\"><!-- [et_pb_line_break_holder] -->        <iframe<!-- [et_pb_line_break_holder] -->          class=\u00a0\u00bbmap-embed\u00a0\u00bb<!-- [et_pb_line_break_holder] -->          src=\u00a0\u00bbhttps:\/\/storage.googleapis.com\/maps-solutions-na2fysrmvt\/locator-plus\/9zyo\/locator-plus.html\u00a0\u00bb<!-- [et_pb_line_break_holder] -->          title=\u00a0\u00bbLocalisateur \u2014 Caf\u00e9t\u00e9ria Auer\u00a0\u00bb<!-- [et_pb_line_break_holder] -->          loading=\u00a0\u00bblazy\u00a0\u00bb<!-- [et_pb_line_break_holder] -->          referrerpolicy=\u00a0\u00bbno-referrer-when-downgrade\u00a0\u00bb<!-- [et_pb_line_break_holder] -->          allow=\u00a0\u00bbgeolocation\u00a0\u00bb<!-- [et_pb_line_break_holder] -->          aria-label=\u00a0\u00bbCarte \u2014 Caf\u00e9t\u00e9ria Auer, 4 rue de Rive, Gen\u00e8ve\u00a0\u00bb><!-- [et_pb_line_break_holder] -->        <\/iframe><!-- [et_pb_line_break_holder] -->      <\/div>\n<p><!-- [et_pb_line_break_holder] -->      <\/p>\n<div class=\"cta\"><!-- [et_pb_line_break_holder] -->        <a class=\"btn\" href=\"https:\/\/www.google.com\/maps\/dir\/?api=1&#038;destination=4,+rue+de+Rive,+1204+Gen%C3%A8ve\" target=\"_blank\" rel=\"noopener\">Itin\u00e9raire<\/a><!-- [et_pb_line_break_holder] -->      <\/div>\n<p><!-- [et_pb_line_break_holder] -->    <\/div>\n<p><!-- [et_pb_line_break_holder] -->  <\/section>\n<p><!-- [et_pb_line_break_holder] --><!-- [et_pb_line_break_holder] -->  <!-- HORAIRES \u2014 ACTUELS UNIQUEMENT --><!-- [et_pb_line_break_holder] -->  <\/p>\n<section class=\"hours\" aria-labelledby=\"hours-title\"><!-- [et_pb_line_break_holder] -->    <\/p>\n<h2 id=\"hours-title\" class=\"rule\">Horaires d\u2019ouverture<\/h2>\n<p><!-- [et_pb_line_break_holder] -->    <\/p>\n<div class=\"wrap\"><!-- [et_pb_line_break_holder] -->      <\/p>\n<div class=\"slot\" id=\"hours-single\"><!-- [et_pb_line_break_holder] -->        <\/p>\n<h3>D\u00e8s maintenant<\/h3>\n<p><!-- [et_pb_line_break_holder] -->        <pee><strong>Lundi \u2013 Vendredi<\/strong> : 08h45 \u2013 18h45<\/pee><!-- [et_pb_line_break_holder] -->        <pee><strong>Samedi<\/strong> : 08h45 \u2013 17h30<\/pee><!-- [et_pb_line_break_holder] -->      <\/div>\n<p><!-- [et_pb_line_break_holder] -->    <\/div>\n<p><!-- [et_pb_line_break_holder] -->    <pee class=\"mini-note\">Ferm\u00e9 le dimanche \u00b7 Paiements en CHF \u2014 cartes &#038; TWINT accept\u00e9s<\/pee><!-- [et_pb_line_break_holder] -->  <\/section>\n<p><!-- [et_pb_line_break_holder] --><!-- [et_pb_line_break_holder] -->  <!-- FOOTER --><!-- [et_pb_line_break_holder] -->  <\/p>\n<footer class=\"footer\" role=\"contentinfo\"><!-- [et_pb_line_break_holder] -->    <\/p>\n<div class=\"wrap\"><!-- [et_pb_line_break_holder] -->      <\/p>\n<div><!-- [et_pb_line_break_holder] -->        <\/p>\n<div class=\"brand\"><!-- [et_pb_line_break_holder] -->          <a href=\"\/\" aria-label=\"Retour \u00e0 l\u2019accueil \u2014 Caf\u00e9t\u00e9ria Auer\"><!-- [et_pb_line_break_holder] -->            <img data-recalc-dims=\"1\" decoding=\"async\" src=\"https:\/\/i0.wp.com\/www.auercafeteria.ch\/wp-content\/uploads\/2020\/09\/cropped-Auer_logo_TR_fond-brun_profil_facebook.jpg?w=1080&#038;ssl=1\" alt=\"Logo Auer\"><!-- [et_pb_line_break_holder] -->          <\/a><!-- [et_pb_line_break_holder] -->          <pee class=\"title\"><a href=\"\/\" style=\"text-decoration:none; color:#f6f1e9;\">Caf\u00e9t\u00e9ria Auer \u2014 Tea-Room<\/a><\/pee><!-- [et_pb_line_break_holder] -->        <\/div>\n<p><!-- [et_pb_line_break_holder] -->        <pee>4, rue de Rive \u2014 1204 Gen\u00e8ve<\/pee><!-- [et_pb_line_break_holder] -->        <pee><a href=\"tel:+41223104155\">+41 (22) 310 41 55<\/a> \u00b7 <a href=\"mailto:info@auercafeteria.ch\">info@auercafeteria.ch<\/a><\/pee><!-- [et_pb_line_break_holder] -->      <\/div>\n<p><!-- [et_pb_line_break_holder] -->      <\/p>\n<div><!-- [et_pb_line_break_holder] -->        <\/p>\n<h3>Navigation<\/h3>\n<p><!-- [et_pb_line_break_holder] -->        <\/p>\n<div class=\"links\"><!-- [et_pb_line_break_holder] -->          <a class=\"pill\" href=\"\/\">Accueil<\/a><!-- [et_pb_line_break_holder] -->          <a class=\"pill\" href=\"\/menu\">Menu<\/a><!-- [et_pb_line_break_holder] -->          <a class=\"pill\" href=\"\/contact\">Contact<\/a><!-- [et_pb_line_break_holder] -->          <a class=\"pill\" href=\"https:\/\/www.instagram.com\/auercafeteria\/\" target=\"_blank\" rel=\"noopener\">Instagram<\/a><!-- [et_pb_line_break_holder] -->        <\/div>\n<p><!-- [et_pb_line_break_holder] -->      <\/div>\n<p><!-- [et_pb_line_break_holder] -->      <\/p>\n<div><!-- [et_pb_line_break_holder] -->        <\/p>\n<h3>Horaires<\/h3>\n<p><!-- [et_pb_line_break_holder] -->        <pee>Lun\u2013Ven : 08h45\u201318h45<!\u2013- [et_pb_br_holder] -\u2013>Samedi : 08h45\u201317h30<\/pee><!-- [et_pb_line_break_holder] -->        <\/p>\n<div class=\"pay\"><strong>Paiements en CHF uniquement<\/strong> \u2014 Cartes de cr\u00e9dit &#038; TWINT accept\u00e9s.<\/div>\n<p><!-- [et_pb_line_break_holder] -->      <\/div>\n<p><!-- [et_pb_line_break_holder] -->    <\/div>\n<p><!-- [et_pb_line_break_holder] -->    <pee class=\"mini\">\u00a9 Caf\u00e9t\u00e9ria Auer \u2014 ALMU S\u00e0rl, Gen\u00e8ve<\/pee><!-- [et_pb_line_break_holder] -->  <\/footer>\n<p><!-- [et_pb_line_break_holder] --><\/div>\n<p><!-- [et_pb_line_break_holder] -->[\/et_pb_fullwidth_code][\/et_pb_section]<\/p>\n","protected":false},"excerpt":{"rendered":"","protected":false},"author":1,"featured_media":28860,"parent":0,"menu_order":0,"comment_status":"closed","ping_status":"closed","template":"page-template-blank.php","meta":{"_acf_changed":false,"_seopress_robots_primary_cat":"","_seopress_titles_title":"Contact - AUER TEA-ROOM","_seopress_titles_desc":"","_seopress_robots_index":"","_et_pb_use_builder":"on","_et_pb_old_content":"","_et_gb_content_width":"","footnotes":""},"class_list":["post-65470","page","type-page","status-publish","has-post-thumbnail","hentry"],"acf":[],"jetpack_sharing_enabled":true,"jetpack-related-posts":[{"id":28958,"url":"https:\/\/www.auercafeteria.ch\/en\/","url_meta":{"origin":65470,"position":0},"title":"Home","author":"adminauer","date":"03\/11\/2020","format":false,"excerpt":"","rel":"","context":"Similar post","block_context":{"text":"Similar post","link":""},"img":{"alt_text":"","src":"","width":0,"height":0},"classes":[]},{"id":29013,"url":"https:\/\/www.auercafeteria.ch\/en\/menu\/","url_meta":{"origin":65470,"position":1},"title":"Menu","author":"adminauer","date":"08\/06\/2024","format":false,"excerpt":"","rel":"","context":"Similar post","block_context":{"text":"Similar post","link":""},"img":{"alt_text":"","src":"https:\/\/i0.wp.com\/www.auercafeteria.ch\/wp-content\/uploads\/2025\/09\/Capture-decran-2025-09-08-a-08.17.47.png?fit=1200%2C552&ssl=1&resize=350%2C200","width":350,"height":200,"srcset":"https:\/\/i0.wp.com\/www.auercafeteria.ch\/wp-content\/uploads\/2025\/09\/Capture-decran-2025-09-08-a-08.17.47.png?fit=1200%2C552&ssl=1&resize=350%2C200 1x, https:\/\/i0.wp.com\/www.auercafeteria.ch\/wp-content\/uploads\/2025\/09\/Capture-decran-2025-09-08-a-08.17.47.png?fit=1200%2C552&ssl=1&resize=525%2C300 1.5x, https:\/\/i0.wp.com\/www.auercafeteria.ch\/wp-content\/uploads\/2025\/09\/Capture-decran-2025-09-08-a-08.17.47.png?fit=1200%2C552&ssl=1&resize=700%2C400 2x, https:\/\/i0.wp.com\/www.auercafeteria.ch\/wp-content\/uploads\/2025\/09\/Capture-decran-2025-09-08-a-08.17.47.png?fit=1200%2C552&ssl=1&resize=1050%2C600 3x"},"classes":[]},{"id":65700,"url":"https:\/\/www.auercafeteria.ch\/en\/menu-2\/","url_meta":{"origin":65470,"position":2},"title":"Menu","author":"adminauer","date":"10\/09\/2025","format":false,"excerpt":"","rel":"","context":"Similar post","block_context":{"text":"Similar post","link":""},"img":{"alt_text":"","src":"https:\/\/i0.wp.com\/www.auercafeteria.ch\/wp-content\/uploads\/2025\/12\/A4-Carte-Menu-AUER-decembre-2025-scaled.png?fit=848%2C1200&ssl=1&resize=350%2C200","width":350,"height":200,"srcset":"https:\/\/i0.wp.com\/www.auercafeteria.ch\/wp-content\/uploads\/2025\/12\/A4-Carte-Menu-AUER-decembre-2025-scaled.png?fit=848%2C1200&ssl=1&resize=350%2C200 1x, https:\/\/i0.wp.com\/www.auercafeteria.ch\/wp-content\/uploads\/2025\/12\/A4-Carte-Menu-AUER-decembre-2025-scaled.png?fit=848%2C1200&ssl=1&resize=525%2C300 1.5x, https:\/\/i0.wp.com\/www.auercafeteria.ch\/wp-content\/uploads\/2025\/12\/A4-Carte-Menu-AUER-decembre-2025-scaled.png?fit=848%2C1200&ssl=1&resize=700%2C400 2x"},"classes":[]},{"id":66582,"url":"https:\/\/www.auercafeteria.ch\/en\/test-home\/","url_meta":{"origin":65470,"position":3},"title":"test.home","author":"adminauer","date":"02\/10\/2025","format":false,"excerpt":"","rel":"","context":"Similar post","block_context":{"text":"Similar post","link":""},"img":{"alt_text":"","src":"","width":0,"height":0},"classes":[]},{"id":65625,"url":"https:\/\/www.auercafeteria.ch\/en\/testing\/","url_meta":{"origin":65470,"position":4},"title":"TESTING","author":"adminauer","date":"09\/09\/2025","format":false,"excerpt":"","rel":"","context":"Similar post","block_context":{"text":"Similar post","link":""},"img":{"alt_text":"","src":"","width":0,"height":0},"classes":[]}],"_links":{"self":[{"href":"https:\/\/www.auercafeteria.ch\/en\/wp-json\/wp\/v2\/pages\/65470","targetHints":{"allow":["GET"]}}],"collection":[{"href":"https:\/\/www.auercafeteria.ch\/en\/wp-json\/wp\/v2\/pages"}],"about":[{"href":"https:\/\/www.auercafeteria.ch\/en\/wp-json\/wp\/v2\/types\/page"}],"author":[{"embeddable":true,"href":"https:\/\/www.auercafeteria.ch\/en\/wp-json\/wp\/v2\/users\/1"}],"replies":[{"embeddable":true,"href":"https:\/\/www.auercafeteria.ch\/en\/wp-json\/wp\/v2\/comments?post=65470"}],"version-history":[{"count":14,"href":"https:\/\/www.auercafeteria.ch\/en\/wp-json\/wp\/v2\/pages\/65470\/revisions"}],"predecessor-version":[{"id":66581,"href":"https:\/\/www.auercafeteria.ch\/en\/wp-json\/wp\/v2\/pages\/65470\/revisions\/66581"}],"wp:featuredmedia":[{"embeddable":true,"href":"https:\/\/www.auercafeteria.ch\/en\/wp-json\/wp\/v2\/media\/28860"}],"wp:attachment":[{"href":"https:\/\/www.auercafeteria.ch\/en\/wp-json\/wp\/v2\/media?parent=65470"}],"curies":[{"name":"wp","href":"https:\/\/api.w.org\/{rel}","templated":true}]}}