{"id":66604,"date":"2025-10-21T15:04:36","date_gmt":"2025-10-21T13:04:36","guid":{"rendered":"https:\/\/www.auercafeteria.ch\/?page_id=66604"},"modified":"2025-12-08T09:47:37","modified_gmt":"2025-12-08T08:47:37","slug":"le-pignon","status":"publish","type":"page","link":"https:\/\/www.auercafeteria.ch\/de\/le-pignon\/","title":{"rendered":"Le Pignon"},"content":{"rendered":"<p>[et_pb_section fb_built=\u00a0\u00bb1&Prime; _builder_version=\u00a0\u00bb4.27.4&Prime; _module_preset=\u00a0\u00bbdefault\u00a0\u00bb background_color=\u00a0\u00bb#3c2012&Prime; hover_enabled=\u00a0\u00bb0&Prime; global_colors_info=\u00a0\u00bb{}\u00a0\u00bb sticky_enabled=\u00a0\u00bb0&Prime;][et_pb_row column_structure=\u00a0\u00bb2_5,3_5&Prime; _builder_version=\u00a0\u00bb4.27.4&Prime; _module_preset=\u00a0\u00bbdefault\u00a0\u00bb global_colors_info=\u00a0\u00bb{}\u00a0\u00bb][et_pb_column type=\u00a0\u00bb2_5&Prime; _builder_version=\u00a0\u00bb4.27.4&Prime; _module_preset=\u00a0\u00bbdefault\u00a0\u00bb global_colors_info=\u00a0\u00bb{}\u00a0\u00bb][et_pb_image src=\u00a0\u00bbhttps:\/\/www.auercafeteria.ch\/wp-content\/uploads\/2025\/06\/IMG_20200525_143918_602.jpg\u00a0\u00bb title_text=\u00a0\u00bbIMG_20200525_143918_602&Prime; _builder_version=\u00a0\u00bb4.27.4&Prime; _module_preset=\u00a0\u00bbdefault\u00a0\u00bb hover_enabled=\u00a0\u00bb0&Prime; global_colors_info=\u00a0\u00bb{}\u00a0\u00bb align=\u00a0\u00bbcenter\u00a0\u00bb width=\u00a0\u00bb61%\u00a0\u00bb sticky_enabled=\u00a0\u00bb0&Prime;][\/et_pb_image][\/et_pb_column][et_pb_column type=\u00a0\u00bb3_5&Prime; _builder_version=\u00a0\u00bb4.27.4&Prime; _module_preset=\u00a0\u00bbdefault\u00a0\u00bb global_colors_info=\u00a0\u00bb{}\u00a0\u00bb][et_pb_image src=\u00a0\u00bbhttps:\/\/www.auercafeteria.ch\/wp-content\/uploads\/2025\/12\/Badge-lepignon-1.png\u00a0\u00bb _builder_version=\u00a0\u00bb4.27.4&Prime; _module_preset=\u00a0\u00bbdefault\u00a0\u00bb title_text=\u00a0\u00bbBadge-lepignon\u00a0\u00bb hover_enabled=\u00a0\u00bb0&Prime; sticky_enabled=\u00a0\u00bb0&Prime;][\/et_pb_image][\/et_pb_column][\/et_pb_row][et_pb_row _builder_version=\u00a0\u00bb4.27.4&Prime; _module_preset=\u00a0\u00bbdefault\u00a0\u00bb global_colors_info=\u00a0\u00bb{}\u00a0\u00bb][et_pb_column type=\u00a0\u00bb4_4&Prime; _builder_version=\u00a0\u00bb4.27.4&Prime; _module_preset=\u00a0\u00bbdefault\u00a0\u00bb global_colors_info=\u00a0\u00bb{}\u00a0\u00bb][et_pb_text _builder_version=\u00a0\u00bb4.27.4&Prime; _module_preset=\u00a0\u00bbdefault\u00a0\u00bb global_colors_info=\u00a0\u00bb{}\u00a0\u00bb]<\/p>\n<p>Votre contenu est ici. Modifiez ou supprimez ce texte en ligne ou dans les param\u00e8tres du module Contenu. Vous pouvez \u00e9galement styliser chaque aspect de ce contenu dans le module Param\u00e8tres de conception et m\u00eame appliquer un CSS personnalis\u00e9 \u00e0 ce texte dans le module Param\u00e8tres avanc\u00e9s.<\/p>\n<p>[\/et_pb_text][\/et_pb_column][\/et_pb_row][\/et_pb_section]<\/p>\n","protected":false},"excerpt":{"rendered":"<p>Votre contenu est ici. Modifiez ou supprimez ce texte en ligne ou dans les param\u00e8tres du module Contenu. Vous pouvez \u00e9galement styliser chaque aspect de ce contenu dans le module Param\u00e8tres de conception et m\u00eame appliquer un CSS personnalis\u00e9 \u00e0 ce texte dans le module Param\u00e8tres avanc\u00e9s.<\/p>","protected":false},"author":1,"featured_media":0,"parent":0,"menu_order":0,"comment_status":"closed","ping_status":"closed","template":"page-template-blank.php","meta":{"_acf_changed":false,"_seopress_robots_primary_cat":"","_seopress_titles_title":"","_seopress_titles_desc":"","_seopress_robots_index":"yes","_et_pb_use_builder":"on","_et_pb_old_content":"","_et_gb_content_width":"","footnotes":""},"class_list":["post-66604","page","type-page","status-publish","hentry"],"acf":[],"jetpack_sharing_enabled":true,"jetpack-related-posts":[{"id":66729,"url":"https:\/\/www.auercafeteria.ch\/de\/testhome\/","url_meta":{"origin":66604,"position":0},"title":"testhome","author":"adminauer","date":"10\/04\/2026","format":false,"excerpt":"","rel":"","context":"\u00c4hnlicher Beitrag","block_context":{"text":"\u00c4hnlicher Beitrag","link":""},"img":{"alt_text":"","src":"","width":0,"height":0},"classes":[]},{"id":65470,"url":"https:\/\/www.auercafeteria.ch\/de\/contact2\/","url_meta":{"origin":66604,"position":1},"title":"Kontakt","author":"adminauer","date":"28\/08\/2025","format":false,"excerpt":"","rel":"","context":"\u00c4hnlicher Beitrag","block_context":{"text":"\u00c4hnlicher Beitrag","link":""},"img":{"alt_text":"","src":"https:\/\/i0.wp.com\/www.auercafeteria.ch\/wp-content\/uploads\/2020\/09\/Auer_logo_TR_fond-brun_profil_facebook.jpg?fit=400%2C400&ssl=1&resize=350%2C200","width":350,"height":200},"classes":[]},{"id":28958,"url":"https:\/\/www.auercafeteria.ch\/de\/","url_meta":{"origin":66604,"position":2},"title":"Home","author":"adminauer","date":"03\/11\/2020","format":false,"excerpt":"","rel":"","context":"\u00c4hnlicher Beitrag","block_context":{"text":"\u00c4hnlicher Beitrag","link":""},"img":{"alt_text":"","src":"","width":0,"height":0},"classes":[]},{"id":29013,"url":"https:\/\/www.auercafeteria.ch\/de\/menu\/","url_meta":{"origin":66604,"position":3},"title":"Men\u00fc","author":"adminauer","date":"08\/06\/2024","format":false,"excerpt":"","rel":"","context":"\u00c4hnlicher Beitrag","block_context":{"text":"\u00c4hnlicher Beitrag","link":""},"img":{"alt_text":"","src":"https:\/\/i0.wp.com\/www.auercafeteria.ch\/wp-content\/uploads\/2025\/09\/Capture-decran-2025-09-08-a-08.17.47.png?fit=1200%2C552&ssl=1&resize=350%2C200","width":350,"height":200,"srcset":"https:\/\/i0.wp.com\/www.auercafeteria.ch\/wp-content\/uploads\/2025\/09\/Capture-decran-2025-09-08-a-08.17.47.png?fit=1200%2C552&ssl=1&resize=350%2C200 1x, https:\/\/i0.wp.com\/www.auercafeteria.ch\/wp-content\/uploads\/2025\/09\/Capture-decran-2025-09-08-a-08.17.47.png?fit=1200%2C552&ssl=1&resize=525%2C300 1.5x, https:\/\/i0.wp.com\/www.auercafeteria.ch\/wp-content\/uploads\/2025\/09\/Capture-decran-2025-09-08-a-08.17.47.png?fit=1200%2C552&ssl=1&resize=700%2C400 2x, https:\/\/i0.wp.com\/www.auercafeteria.ch\/wp-content\/uploads\/2025\/09\/Capture-decran-2025-09-08-a-08.17.47.png?fit=1200%2C552&ssl=1&resize=1050%2C600 3x"},"classes":[]},{"id":65625,"url":"https:\/\/www.auercafeteria.ch\/de\/testing\/","url_meta":{"origin":66604,"position":4},"title":"TESTING","author":"adminauer","date":"09\/09\/2025","format":false,"excerpt":"","rel":"","context":"\u00c4hnlicher Beitrag","block_context":{"text":"\u00c4hnlicher Beitrag","link":""},"img":{"alt_text":"","src":"","width":0,"height":0},"classes":[]}],"_links":{"self":[{"href":"https:\/\/www.auercafeteria.ch\/de\/wp-json\/wp\/v2\/pages\/66604","targetHints":{"allow":["GET"]}}],"collection":[{"href":"https:\/\/www.auercafeteria.ch\/de\/wp-json\/wp\/v2\/pages"}],"about":[{"href":"https:\/\/www.auercafeteria.ch\/de\/wp-json\/wp\/v2\/types\/page"}],"author":[{"embeddable":true,"href":"https:\/\/www.auercafeteria.ch\/de\/wp-json\/wp\/v2\/users\/1"}],"replies":[{"embeddable":true,"href":"https:\/\/www.auercafeteria.ch\/de\/wp-json\/wp\/v2\/comments?post=66604"}],"version-history":[{"count":4,"href":"https:\/\/www.auercafeteria.ch\/de\/wp-json\/wp\/v2\/pages\/66604\/revisions"}],"predecessor-version":[{"id":66678,"href":"https:\/\/www.auercafeteria.ch\/de\/wp-json\/wp\/v2\/pages\/66604\/revisions\/66678"}],"wp:attachment":[{"href":"https:\/\/www.auercafeteria.ch\/de\/wp-json\/wp\/v2\/media?parent=66604"}],"curies":[{"name":"wp","href":"https:\/\/api.w.org\/{rel}","templated":true}]}}